{"id":5044,"date":"2018-08-10T10:13:22","date_gmt":"2018-08-10T10:13:22","guid":{"rendered":"http:\/\/mirth0\/en\/?page_id=5044"},"modified":"2018-10-09T12:50:13","modified_gmt":"2018-10-09T12:50:13","slug":"adequacy-of-the-care-practice-and-patient-safety","status":"publish","type":"page","link":"https:\/\/imas12.es\/en\/research\/health_outcomes_research_digital_transformation\/adequacy-of-the-care-practice-and-patient-safety\/","title":{"rendered":"Clinical Practice Appropriateness and Patient Safety"},"content":{"rendered":"<h2>Activities developed by de Research Group<\/h2>\n<p>Validation of trigger tool for adverse events (AE) detection in General and Digestive Surgery. Project\u00a0 PI17\/01374. 2018-2020. PI: Pedro M. Ruiz.<\/p>\n<p>AE detection in Cardiology, through trigger tool.<\/p>\n<p>Award from Sociedad Espa\u00f1ola de Cardiolog\u00eda. Project: \u201cAssessment and Improvement of patient safety in a Cardiology Service. 20.000 euros. Author: Roberto Mart\u00edn Asenjo<\/p>\n<p>AE detection in Urology, through trigger tool. Doctoral. Thesis registered in 2017. Doctoral student: Juan J. Quintas. Directors: Pedro M. Ruiz and \u00c1ngel Tejido<\/p>\n<p>Questionnaire adaptation for measuring stay\u00b4s appropriateness in surgery. Thesis registered in 2017. Doctoral student: Danael Dil-D\u00edez. Directors: Pedro M. Ruiz and El\u00edas Rodr\u00edguez.<\/p>\n<p>Prevalence of AE by risk adjustment scales in Thoracic Surgery. Thesis 2018. Doctoral student: Juan C. Rumbero. Director: Pedro M. Ruiz.<\/p>\n<p>Impact of the implementation of electronic health records on the quality of discharge summaries and on the coding of hospitalization episodes.<\/p>\n<p>JOS\u00c9 L. BERNAL, SEBASTI\u00c1N DELBUSTO, MAR\u00cdA I. GARC\u00cdA-MA\u00d1OSO, EMILIA DE CASTRO MONTEIRO, \u00c1NGEL MORENO, CAROLINA VARELA-RODR\u00cdGUEZ and PEDRO M. RUIZ-LOPEZ. Impact of the implementation of electronic health records on the quality of discharge summaries and on the coding of hospitalization episodes. International Journal for Quality in Health Care, 2018, 1\u20137. doi: 10.1093\/intqhc\/mzy075<\/p>\n<p>&nbsp;<\/p>\n","protected":false},"excerpt":{"rendered":"<p>Activities developed by de Research Group Validation of trigger tool for adverse events (AE) detection in General and Digestive Surgery. Project\u00a0 PI17\/01374. 2018-2020. PI: Pedro M. Ruiz. AE detection in Cardiology, through trigger tool. Award from Sociedad Espa\u00f1ola de Cardiolog\u00eda&#8230;.<\/p>\n","protected":false},"author":1,"featured_media":0,"parent":44,"menu_order":0,"comment_status":"closed","ping_status":"closed","template":"research-group.php","meta":{"footnotes":""},"class_list":["post-5044","page","type-page","status-publish","hentry"],"_links":{"self":[{"href":"https:\/\/imas12.es\/en\/wp-json\/wp\/v2\/pages\/5044","targetHints":{"allow":["GET"]}}],"collection":[{"href":"https:\/\/imas12.es\/en\/wp-json\/wp\/v2\/pages"}],"about":[{"href":"https:\/\/imas12.es\/en\/wp-json\/wp\/v2\/types\/page"}],"author":[{"embeddable":true,"href":"https:\/\/imas12.es\/en\/wp-json\/wp\/v2\/users\/1"}],"replies":[{"embeddable":true,"href":"https:\/\/imas12.es\/en\/wp-json\/wp\/v2\/comments?post=5044"}],"version-history":[{"count":3,"href":"https:\/\/imas12.es\/en\/wp-json\/wp\/v2\/pages\/5044\/revisions"}],"predecessor-version":[{"id":5103,"href":"https:\/\/imas12.es\/en\/wp-json\/wp\/v2\/pages\/5044\/revisions\/5103"}],"up":[{"embeddable":true,"href":"https:\/\/imas12.es\/en\/wp-json\/wp\/v2\/pages\/44"}],"wp:attachment":[{"href":"https:\/\/imas12.es\/en\/wp-json\/wp\/v2\/media?parent=5044"}],"curies":[{"name":"wp","href":"https:\/\/api.w.org\/{rel}","templated":true}]}}